{"id":614,"date":"2026-03-11T16:17:43","date_gmt":"2026-03-11T16:17:43","guid":{"rendered":"https:\/\/mazarrononline.com\/?page_id=614"},"modified":"2026-03-20T21:01:16","modified_gmt":"2026-03-20T21:01:16","slug":"aviso-legal","status":"publish","type":"page","link":"https:\/\/mazarrononline.com\/en\/aviso-legal\/","title":{"rendered":"Legal Notice"},"content":{"rendered":"<h2 data-section-id=\"1vydw7y\" data-start=\"112\" data-end=\"128\">\u2696\ufe0f Aviso Legal<\/h2>\r\n<p class=\"wp-block-paragraph\" data-start=\"130\" data-end=\"334\">En este espacio, el USUARIO podr\u00e1 encontrar toda la informaci\u00f3n relativa a los t\u00e9rminos y condiciones legales que regulan las relaciones entre los usuarios y Mazarr\u00f3n Online, como responsable de esta web.<\/p>\r\n<p data-start=\"336\" data-end=\"421\">Como usuario, es importante que conozcas estos t\u00e9rminos antes de continuar navegando.<\/p>\r\n<p data-start=\"423\" data-end=\"612\">Como responsable de esta web, Mazarr\u00f3n Online se compromete a tratar la informaci\u00f3n de los usuarios con plenas garant\u00edas y conforme a la normativa vigente en materia de protecci\u00f3n de datos.<\/p>\r\n<p data-start=\"614\" data-end=\"787\">Esta web cumple rigurosamente con el <strong data-start=\"651\" data-end=\"686\">Reglamento (UE) 2016\/679 (RGPD)<\/strong> y la <strong data-start=\"692\" data-end=\"786\">Ley 34\/2002 de Servicios de la Sociedad de la Informaci\u00f3n y Comercio Electr\u00f3nico (LSSI-CE)<\/strong>.<\/p>\r\n<h2 data-section-id=\"54m4pa\" data-start=\"794\" data-end=\"828\">\ud83d\udccc CONDICIONES GENERALES DE USO<\/h2>\r\n<p data-start=\"830\" data-end=\"961\">Las presentes condiciones regulan el uso del sitio web <a class=\"decorated-link\" href=\"https:\/\/mazarrononline.com\/en\/\" target=\"_new\" rel=\"noopener\" data-start=\"885\" data-end=\"915\">https:\/\/www.mazarrononline.com<\/a>, incluyendo todos sus contenidos y servicios.<\/p>\r\n<p data-start=\"963\" data-end=\"1043\">Toda persona que acceda a la web (Usuario) acepta someterse a estas condiciones.<\/p>\r\n<h2 data-section-id=\"94numv\" data-start=\"1050\" data-end=\"1086\">\ud83d\udcca DATOS PERSONALES QUE RECABAMOS<\/h2>\r\n<p data-start=\"1088\" data-end=\"1195\">Para m\u00e1s informaci\u00f3n sobre el tratamiento de datos personales, consulta nuestra <strong data-start=\"1168\" data-end=\"1194\">Pol\u00edtica de Privacidad<\/strong>.<\/p>\r\n<h2 data-section-id=\"edk8gf\" data-start=\"1202\" data-end=\"1250\">\ud83e\udd1d COMPROMISOS Y OBLIGACIONES DE LOS USUARIOS<\/h2>\r\n<p data-start=\"1252\" data-end=\"1355\">El acceso a esta web no implica el inicio de una relaci\u00f3n comercial entre Mazarr\u00f3n Online y el usuario.<\/p>\r\n<p data-start=\"1357\" data-end=\"1483\">El usuario se compromete a utilizar la web de forma l\u00edcita, respetando la legislaci\u00f3n vigente, la buena fe y el orden p\u00fablico.<\/p>\r\n<p data-start=\"1485\" data-end=\"1501\">Queda prohibido:<\/p>\r\n<ul data-start=\"1503\" data-end=\"1713\">\r\n<li data-section-id=\"1e0h8fz\" data-start=\"1503\" data-end=\"1547\">\r\n<p data-start=\"1505\" data-end=\"1547\">Usar la web con fines il\u00edcitos o da\u00f1inos<\/p>\r\n<\/li>\r\n<li data-section-id=\"10mu0ws\" data-start=\"1548\" data-end=\"1584\">\r\n<p data-start=\"1550\" data-end=\"1584\">Da\u00f1ar o sobrecargar el sitio web<\/p>\r\n<\/li>\r\n<li data-section-id=\"1wanwfp\" data-start=\"1585\" data-end=\"1651\">\r\n<p data-start=\"1587\" data-end=\"1651\">Reproducir, distribuir o modificar contenidos sin autorizaci\u00f3n<\/p>\r\n<\/li>\r\n<li data-section-id=\"psy155\" data-start=\"1652\" data-end=\"1713\">\r\n<p data-start=\"1654\" data-end=\"1713\">Utilizar los contenidos con fines comerciales sin permiso<\/p>\r\n<\/li>\r\n<\/ul>\r\n<p data-start=\"1715\" data-end=\"1838\">Mazarr\u00f3n Online no puede garantizar la ausencia total de virus u otros elementos que puedan afectar al sistema del usuario.<\/p>\r\n<h2 data-section-id=\"1psz610\" data-start=\"1845\" data-end=\"1871\">\ud83d\udd10 MEDIDAS DE SEGURIDAD<\/h2>\r\n<p data-start=\"1873\" data-end=\"1997\">Mazarr\u00f3n Online adopta las medidas t\u00e9cnicas y organizativas necesarias para garantizar la seguridad de los datos personales.<\/p>\r\n<p data-start=\"1999\" data-end=\"2119\">La web utiliza comunicaci\u00f3n cifrada mediante protocolo HTTPS, lo que garantiza una transmisi\u00f3n segura de la informaci\u00f3n.<\/p>\r\n<h2 data-section-id=\"nh8pt9\" data-start=\"2126\" data-end=\"2145\">\ud83e\uddfe RECLAMACIONES<\/h2>\r\n<p data-start=\"2147\" data-end=\"2205\">El usuario puede enviar sus reclamaciones o incidencias a:<\/p>\r\n<p data-start=\"2207\" data-end=\"2237\">\ud83d\udce9 <a class=\"decorated-link cursor-pointer\" rel=\"noopener\" data-start=\"2210\" data-end=\"2237\">contacto@mazarrononline.com<\/a><\/p>\r\n<p data-start=\"2239\" data-end=\"2317\">Deber\u00e1 indicar su nombre, motivo de la reclamaci\u00f3n y descripci\u00f3n del problema.<\/p>\r\n<h2 data-section-id=\"atbq8c\" data-start=\"2324\" data-end=\"2368\">\u2696\ufe0f PLATAFORMA DE RESOLUCI\u00d3N DE CONFLICTOS<\/h2>\r\n<p data-start=\"2370\" data-end=\"2461\">La Comisi\u00f3n Europea facilita una plataforma de resoluci\u00f3n de litigios online disponible en:<\/p>\r\n<p data-start=\"2463\" data-end=\"2497\"><a class=\"decorated-link\" href=\"http:\/\/ec.europa.eu\/consumers\/odr\/\" target=\"_new\" rel=\"noopener\" data-start=\"2463\" data-end=\"2497\">http:\/\/ec.europa.eu\/consumers\/odr\/<\/a><\/p>\r\n<h2 data-section-id=\"1nrtyyh\" data-start=\"2504\" data-end=\"2544\">\ud83e\udde0 PROPIEDAD INTELECTUAL E INDUSTRIAL<\/h2>\r\n<p data-start=\"2546\" data-end=\"2679\">Todos los contenidos de esta web (textos, im\u00e1genes, dise\u00f1o, estructura, etc.) est\u00e1n protegidos por derechos de propiedad intelectual.<\/p>\r\n<p data-start=\"2681\" data-end=\"2786\">Queda prohibida su reproducci\u00f3n, distribuci\u00f3n o modificaci\u00f3n sin autorizaci\u00f3n expresa de Mazarr\u00f3n Online.<\/p>\r\n<p data-start=\"2788\" data-end=\"2839\">El usuario se compromete a respetar estos derechos.<\/p>\r\n<h2 data-section-id=\"1m4qwmo\" data-start=\"2846\" data-end=\"2868\">\ud83d\udd17 ENLACES EXTERNOS<\/h2>\r\n<p data-start=\"2870\" data-end=\"2922\">Esta web puede incluir enlaces a sitios de terceros.<\/p>\r\n<p data-start=\"2924\" data-end=\"3037\">Mazarr\u00f3n Online no se hace responsable del contenido ni de las pol\u00edticas de privacidad de dichos sitios externos.<\/p>\r\n<h2 data-section-id=\"1tdxv64\" data-start=\"3044\" data-end=\"3073\">\ud83d\udcac POL\u00cdTICA DE COMENTARIOS<\/h2>\r\n<p data-start=\"3075\" data-end=\"3111\">Se permiten comentarios siempre que:<\/p>\r\n<ul data-start=\"3113\" data-end=\"3276\">\r\n<li data-section-id=\"2gv2g9\" data-start=\"3113\" data-end=\"3158\">\r\n<p data-start=\"3115\" data-end=\"3158\">No sean ofensivos, insultantes o ilegales<\/p>\r\n<\/li>\r\n<li data-section-id=\"q47417\" data-start=\"3159\" data-end=\"3192\">\r\n<p data-start=\"3161\" data-end=\"3192\">No incluyan spam o publicidad<\/p>\r\n<\/li>\r\n<li data-section-id=\"19gjbun\" data-start=\"3193\" data-end=\"3226\">\r\n<p data-start=\"3195\" data-end=\"3226\">No contengan datos personales<\/p>\r\n<\/li>\r\n<li data-section-id=\"2wkuq5\" data-start=\"3227\" data-end=\"3276\">\r\n<p data-start=\"3229\" data-end=\"3276\">Est\u00e9n relacionados con el contenido de la web<\/p>\r\n<\/li>\r\n<\/ul>\r\n<p data-start=\"3278\" data-end=\"3361\">Mazarr\u00f3n Online se reserva el derecho de eliminar cualquier comentario inapropiado.<\/p>\r\n<h2 data-section-id=\"j4hh28\" data-start=\"3368\" data-end=\"3401\">\u274c EXCLUSI\u00d3N DE RESPONSABILIDAD<\/h2>\r\n<p data-start=\"3403\" data-end=\"3445\">Mazarr\u00f3n Online no se hace responsable de:<\/p>\r\n<ul data-start=\"3447\" data-end=\"3617\">\r\n<li data-section-id=\"a44mkw\" data-start=\"3447\" data-end=\"3502\">\r\n<p data-start=\"3449\" data-end=\"3502\">Fallos t\u00e9cnicos o falta de disponibilidad de la web<\/p>\r\n<\/li>\r\n<li data-section-id=\"juuztw\" data-start=\"3503\" data-end=\"3544\">\r\n<p data-start=\"3505\" data-end=\"3544\">Da\u00f1os derivados del uso del sitio web<\/p>\r\n<\/li>\r\n<li data-section-id=\"1jfvhsb\" data-start=\"3545\" data-end=\"3581\">\r\n<p data-start=\"3547\" data-end=\"3581\">Contenidos de terceros enlazados<\/p>\r\n<\/li>\r\n<li data-section-id=\"t1b1bi\" data-start=\"3582\" data-end=\"3617\">\r\n<p data-start=\"3584\" data-end=\"3617\">Virus u otros elementos da\u00f1inos<\/p>\r\n<\/li>\r\n<\/ul>\r\n<h2 data-section-id=\"z2lgzq\" data-start=\"3624\" data-end=\"3658\">\u2696\ufe0f LEY APLICABLE Y JURISDICCI\u00d3N<\/h2>\r\n<p data-start=\"3660\" data-end=\"3749\">Las relaciones entre el usuario y Mazarr\u00f3n Online se regir\u00e1n por la legislaci\u00f3n espa\u00f1ola.<\/p>\r\n<h2 data-section-id=\"1gq3cgu\" data-start=\"3756\" data-end=\"3770\">\ud83d\udce9 CONTACTO<\/h2>\r\n<p data-start=\"3772\" data-end=\"3815\">Para cualquier duda sobre este Aviso Legal:<\/p>\r\n<p data-start=\"3817\" data-end=\"3849\">\ud83d\udce7 <a class=\"decorated-link cursor-pointer\" rel=\"noopener\" data-start=\"3820\" data-end=\"3847\">contacto@mazarrononline.com<\/a><\/p>\r\n<p data-start=\"3856\" data-end=\"3897\">\ud83d\udcc5 <strong data-start=\"3859\" data-end=\"3884\">\u00daltima actualizaci\u00f3n:<\/strong> 20\/02\/2023<\/p>","protected":false},"excerpt":{"rendered":"<p>\u2696\ufe0f Aviso Legal En este espacio, el USUARIO podr\u00e1 encontrar toda la informaci\u00f3n relativa a los t\u00e9rminos y condiciones legales que regulan las relaciones entre los usuarios y Mazarr\u00f3n Online, como responsable de esta web. Como usuario, es importante que conozcas estos t\u00e9rminos antes de continuar navegando. Como responsable de esta web, Mazarr\u00f3n Online se [&hellip;]<\/p>\n","protected":false},"author":1,"featured_media":0,"parent":0,"menu_order":0,"comment_status":"closed","ping_status":"closed","template":"","meta":{"_crdt_document":"","footnotes":""},"class_list":["post-614","page","type-page","status-publish","hentry"],"blocksy_meta":{"styles_descriptor":{"styles":{"desktop":"","tablet":"","mobile":""},"google_fonts":[],"version":6}},"yoast_head":"<!-- This site is optimized with the Yoast SEO plugin v27.2 - https:\/\/yoast.com\/product\/yoast-seo-wordpress\/ -->\n<title>Aviso Legal - Mazarron Online<\/title>\n<meta name=\"robots\" content=\"index, follow, max-snippet:-1, max-image-preview:large, max-video-preview:-1\" \/>\n<link rel=\"canonical\" href=\"https:\/\/mazarrononline.com\/en\/aviso-legal\/\" \/>\n<meta property=\"og:locale\" content=\"en_GB\" \/>\n<meta property=\"og:type\" content=\"article\" \/>\n<meta property=\"og:title\" content=\"Aviso Legal - Mazarron Online\" \/>\n<meta property=\"og:description\" content=\"\u2696\ufe0f Aviso Legal En este espacio, el USUARIO podr\u00e1 encontrar toda la informaci\u00f3n relativa a los t\u00e9rminos y condiciones legales que regulan las relaciones entre los usuarios y Mazarr\u00f3n Online, como responsable de esta web. Como usuario, es importante que conozcas estos t\u00e9rminos antes de continuar navegando. Como responsable de esta web, Mazarr\u00f3n Online se [&hellip;]\" \/>\n<meta property=\"og:url\" content=\"https:\/\/mazarrononline.com\/en\/aviso-legal\/\" \/>\n<meta property=\"og:site_name\" content=\"Mazarron Online\" \/>\n<meta property=\"article:modified_time\" content=\"2026-03-20T21:01:16+00:00\" \/>\n<meta name=\"twitter:card\" content=\"summary_large_image\" \/>\n<meta name=\"twitter:label1\" content=\"Estimated reading time\" \/>\n\t<meta name=\"twitter:data1\" content=\"3 minutes\" \/>\n<script type=\"application\/ld+json\" class=\"yoast-schema-graph\">{\"@context\":\"https:\/\/schema.org\",\"@graph\":[{\"@type\":\"WebPage\",\"@id\":\"https:\/\/mazarrononline.com\/aviso-legal\/\",\"url\":\"https:\/\/mazarrononline.com\/aviso-legal\/\",\"name\":\"Aviso Legal - Mazarron Online\",\"isPartOf\":{\"@id\":\"https:\/\/mazarrononline.com\/#website\"},\"datePublished\":\"2026-03-11T16:17:43+00:00\",\"dateModified\":\"2026-03-20T21:01:16+00:00\",\"breadcrumb\":{\"@id\":\"https:\/\/mazarrononline.com\/aviso-legal\/#breadcrumb\"},\"inLanguage\":\"en-GB\",\"potentialAction\":[{\"@type\":\"ReadAction\",\"target\":[\"https:\/\/mazarrononline.com\/aviso-legal\/\"]}]},{\"@type\":\"BreadcrumbList\",\"@id\":\"https:\/\/mazarrononline.com\/aviso-legal\/#breadcrumb\",\"itemListElement\":[{\"@type\":\"ListItem\",\"position\":1,\"name\":\"Portada\",\"item\":\"https:\/\/mazarrononline.com\/\"},{\"@type\":\"ListItem\",\"position\":2,\"name\":\"Aviso Legal\"}]},{\"@type\":\"WebSite\",\"@id\":\"https:\/\/mazarrononline.com\/#website\",\"url\":\"https:\/\/mazarrononline.com\/\",\"name\":\"Mazarron Online\",\"description\":\"\",\"publisher\":{\"@id\":\"https:\/\/mazarrononline.com\/#organization\"},\"potentialAction\":[{\"@type\":\"SearchAction\",\"target\":{\"@type\":\"EntryPoint\",\"urlTemplate\":\"https:\/\/mazarrononline.com\/?s={search_term_string}\"},\"query-input\":{\"@type\":\"PropertyValueSpecification\",\"valueRequired\":true,\"valueName\":\"search_term_string\"}}],\"inLanguage\":\"en-GB\"},{\"@type\":\"Organization\",\"@id\":\"https:\/\/mazarrononline.com\/#organization\",\"name\":\"Mazarron Online\",\"url\":\"https:\/\/mazarrononline.com\/\",\"logo\":{\"@type\":\"ImageObject\",\"inLanguage\":\"en-GB\",\"@id\":\"https:\/\/mazarrononline.com\/#\/schema\/logo\/image\/\",\"url\":\"https:\/\/mazarrononline.com\/wp-content\/uploads\/2026\/03\/mazarrononline.com_.png\",\"contentUrl\":\"https:\/\/mazarrononline.com\/wp-content\/uploads\/2026\/03\/mazarrononline.com_.png\",\"width\":891,\"height\":340,\"caption\":\"Mazarron Online\"},\"image\":{\"@id\":\"https:\/\/mazarrononline.com\/#\/schema\/logo\/image\/\"}}]}<\/script>\n<!-- \/ Yoast SEO plugin. -->","yoast_head_json":{"title":"Aviso Legal - Mazarron Online","robots":{"index":"index","follow":"follow","max-snippet":"max-snippet:-1","max-image-preview":"max-image-preview:large","max-video-preview":"max-video-preview:-1"},"canonical":"https:\/\/mazarrononline.com\/en\/aviso-legal\/","og_locale":"en_GB","og_type":"article","og_title":"Aviso Legal - Mazarron Online","og_description":"\u2696\ufe0f Aviso Legal En este espacio, el USUARIO podr\u00e1 encontrar toda la informaci\u00f3n relativa a los t\u00e9rminos y condiciones legales que regulan las relaciones entre los usuarios y Mazarr\u00f3n Online, como responsable de esta web. Como usuario, es importante que conozcas estos t\u00e9rminos antes de continuar navegando. Como responsable de esta web, Mazarr\u00f3n Online se [&hellip;]","og_url":"https:\/\/mazarrononline.com\/en\/aviso-legal\/","og_site_name":"Mazarron Online","article_modified_time":"2026-03-20T21:01:16+00:00","twitter_card":"summary_large_image","twitter_misc":{"Estimated reading time":"3 minutes"},"schema":{"@context":"https:\/\/schema.org","@graph":[{"@type":"WebPage","@id":"https:\/\/mazarrononline.com\/aviso-legal\/","url":"https:\/\/mazarrononline.com\/aviso-legal\/","name":"Aviso Legal - Mazarron Online","isPartOf":{"@id":"https:\/\/mazarrononline.com\/#website"},"datePublished":"2026-03-11T16:17:43+00:00","dateModified":"2026-03-20T21:01:16+00:00","breadcrumb":{"@id":"https:\/\/mazarrononline.com\/aviso-legal\/#breadcrumb"},"inLanguage":"en-GB","potentialAction":[{"@type":"ReadAction","target":["https:\/\/mazarrononline.com\/aviso-legal\/"]}]},{"@type":"BreadcrumbList","@id":"https:\/\/mazarrononline.com\/aviso-legal\/#breadcrumb","itemListElement":[{"@type":"ListItem","position":1,"name":"Portada","item":"https:\/\/mazarrononline.com\/"},{"@type":"ListItem","position":2,"name":"Aviso Legal"}]},{"@type":"WebSite","@id":"https:\/\/mazarrononline.com\/#website","url":"https:\/\/mazarrononline.com\/","name":"Mazarron Online","description":"","publisher":{"@id":"https:\/\/mazarrononline.com\/#organization"},"potentialAction":[{"@type":"SearchAction","target":{"@type":"EntryPoint","urlTemplate":"https:\/\/mazarrononline.com\/?s={search_term_string}"},"query-input":{"@type":"PropertyValueSpecification","valueRequired":true,"valueName":"search_term_string"}}],"inLanguage":"en-GB"},{"@type":"Organization","@id":"https:\/\/mazarrononline.com\/#organization","name":"Mazarron Online","url":"https:\/\/mazarrononline.com\/","logo":{"@type":"ImageObject","inLanguage":"en-GB","@id":"https:\/\/mazarrononline.com\/#\/schema\/logo\/image\/","url":"https:\/\/mazarrononline.com\/wp-content\/uploads\/2026\/03\/mazarrononline.com_.png","contentUrl":"https:\/\/mazarrononline.com\/wp-content\/uploads\/2026\/03\/mazarrononline.com_.png","width":891,"height":340,"caption":"Mazarron Online"},"image":{"@id":"https:\/\/mazarrononline.com\/#\/schema\/logo\/image\/"}}]}},"_hostinger_reach_plugin_has_subscription_block":false,"_hostinger_reach_plugin_is_elementor":false,"_links":{"self":[{"href":"https:\/\/mazarrononline.com\/en\/wp-json\/wp\/v2\/pages\/614","targetHints":{"allow":["GET"]}}],"collection":[{"href":"https:\/\/mazarrononline.com\/en\/wp-json\/wp\/v2\/pages"}],"about":[{"href":"https:\/\/mazarrononline.com\/en\/wp-json\/wp\/v2\/types\/page"}],"author":[{"embeddable":true,"href":"https:\/\/mazarrononline.com\/en\/wp-json\/wp\/v2\/users\/1"}],"replies":[{"embeddable":true,"href":"https:\/\/mazarrononline.com\/en\/wp-json\/wp\/v2\/comments?post=614"}],"version-history":[{"count":2,"href":"https:\/\/mazarrononline.com\/en\/wp-json\/wp\/v2\/pages\/614\/revisions"}],"predecessor-version":[{"id":2135,"href":"https:\/\/mazarrononline.com\/en\/wp-json\/wp\/v2\/pages\/614\/revisions\/2135"}],"wp:attachment":[{"href":"https:\/\/mazarrononline.com\/en\/wp-json\/wp\/v2\/media?parent=614"}],"curies":[{"name":"wp","href":"https:\/\/api.w.org\/{rel}","templated":true}]}}