{"id":612,"date":"2026-03-11T16:16:46","date_gmt":"2026-03-11T16:16:46","guid":{"rendered":"https:\/\/mazarrononline.com\/?page_id=612"},"modified":"2026-03-20T20:59:29","modified_gmt":"2026-03-20T20:59:29","slug":"cookies","status":"publish","type":"page","link":"https:\/\/mazarrononline.com\/en\/cookies\/","title":{"rendered":"Cookies"},"content":{"rendered":"<h2 data-section-id=\"9xnhyq\" data-start=\"148\" data-end=\"158\">Cookies<\/h2>\r\n<p class=\"wp-block-paragraph\" data-start=\"160\" data-end=\"377\">En esta web se utilizan cookies propias y de terceros para mejorar la experiencia de navegaci\u00f3n del usuario, permitir la correcta funcionalidad del sitio, ofrecer contenido personalizado y obtener estad\u00edsticas de uso.<\/p>\r\n<p data-start=\"379\" data-end=\"505\">El usuario puede evitar la descarga de cookies configurando su navegador, impidiendo que estas se almacenen en su dispositivo.<\/p>\r\n<p data-start=\"507\" data-end=\"614\">Es importante que leas esta Pol\u00edtica de Cookies. Si contin\u00faas navegando, consideraremos que aceptas su uso.<\/p>\r\n<p data-start=\"616\" data-end=\"757\">De acuerdo con el art\u00edculo 22.2 de la Ley 34\/2002 (LSSI-CE), al continuar navegando est\u00e1s prestando tu consentimiento para el uso de cookies.<\/p>\r\n<h2 data-section-id=\"19xv9ts\" data-start=\"764\" data-end=\"789\">\ud83c\udfe2 Entidad responsable<\/h2>\r\n<p data-start=\"791\" data-end=\"884\">La entidad responsable de la recogida, tratamiento y utilizaci\u00f3n de los datos en esta web es:<\/p>\r\n<ul data-start=\"886\" data-end=\"1068\">\r\n<li data-section-id=\"1qz2npw\" data-start=\"886\" data-end=\"935\">\r\n<p data-start=\"888\" data-end=\"935\"><strong data-start=\"888\" data-end=\"902\">Sitio web:<\/strong> <a class=\"decorated-link\" href=\"https:\/\/mazarrononline.com\/en\/\" target=\"_new\" rel=\"noopener\" data-start=\"903\" data-end=\"933\">https:\/\/www.mazarrononline.com<\/a><\/p>\r\n<\/li>\r\n<li data-section-id=\"16mxkni\" data-start=\"936\" data-end=\"967\">\r\n<p data-start=\"938\" data-end=\"967\"><strong data-start=\"938\" data-end=\"949\">Nombre:<\/strong> Mazarr\u00f3n Online<\/p>\r\n<\/li>\r\n<li data-section-id=\"1u1atcc\" data-start=\"968\" data-end=\"1012\">\r\n<p data-start=\"970\" data-end=\"1012\"><strong data-start=\"970\" data-end=\"984\">Domicilio:<\/strong> Mazarr\u00f3n (Murcia, Espa\u00f1a)<\/p>\r\n<\/li>\r\n<li data-section-id=\"h4pavw\" data-start=\"1013\" data-end=\"1068\">\r\n<p data-start=\"1015\" data-end=\"1068\"><strong data-start=\"1015\" data-end=\"1038\">Correo electr\u00f3nico:<\/strong> <a class=\"decorated-link cursor-pointer\" rel=\"noopener\" data-start=\"1039\" data-end=\"1066\">contacto@mazarrononline.com<\/a><\/p>\r\n<\/li>\r\n<\/ul>\r\n<h2 data-section-id=\"nwcith\" data-start=\"1075\" data-end=\"1100\">\ud83c\udf6a Qu\u00e9 son las cookies<\/h2>\r\n<p data-start=\"1102\" data-end=\"1218\">Las cookies son peque\u00f1os archivos de texto que se almacenan en el dispositivo del usuario al visitar una p\u00e1gina web.<\/p>\r\n<p data-start=\"1220\" data-end=\"1375\">Sirven para recordar informaci\u00f3n sobre la visita, como idioma, preferencias o h\u00e1bitos de navegaci\u00f3n, con el objetivo de mejorar la experiencia del usuario.<\/p>\r\n<h2 data-section-id=\"8bbrgf\" data-start=\"1382\" data-end=\"1419\">\ud83d\udcca Qu\u00e9 tipos de cookies utilizamos<\/h2>\r\n<p data-start=\"1421\" data-end=\"1512\">En Mazarr\u00f3n Online utilizamos cookies propias y de terceros con las siguientes finalidades:<\/p>\r\n<ul data-start=\"1514\" data-end=\"1742\">\r\n<li data-section-id=\"1yhphkz\" data-start=\"1514\" data-end=\"1577\">\r\n<p data-start=\"1516\" data-end=\"1577\">Almacenar preferencias del usuario (idioma, configuraci\u00f3n).<\/p>\r\n<\/li>\r\n<li data-section-id=\"1kyhje9\" data-start=\"1578\" data-end=\"1633\">\r\n<p data-start=\"1580\" data-end=\"1633\">Analizar el tr\u00e1fico y comportamiento de navegaci\u00f3n.<\/p>\r\n<\/li>\r\n<li data-section-id=\"xl50vk\" data-start=\"1634\" data-end=\"1688\">\r\n<p data-start=\"1636\" data-end=\"1688\">Mejorar el contenido y la experiencia del usuario.<\/p>\r\n<\/li>\r\n<li data-section-id=\"1dcasb6\" data-start=\"1689\" data-end=\"1742\">\r\n<p data-start=\"1691\" data-end=\"1742\">Mostrar contenido adaptado a intereses generales.<\/p>\r\n<\/li>\r\n<\/ul>\r\n<p data-start=\"1744\" data-end=\"1767\">Las cookies pueden ser:<\/p>\r\n<ul data-start=\"1769\" data-end=\"1882\">\r\n<li data-section-id=\"1tydmz1\" data-start=\"1769\" data-end=\"1823\">\r\n<p data-start=\"1771\" data-end=\"1823\"><strong data-start=\"1771\" data-end=\"1785\">De sesi\u00f3n:<\/strong> se eliminan al cerrar el navegador.<\/p>\r\n<\/li>\r\n<li data-section-id=\"4vq1s9\" data-start=\"1824\" data-end=\"1882\">\r\n<p data-start=\"1826\" data-end=\"1882\"><strong data-start=\"1826\" data-end=\"1843\">Persistentes:<\/strong> permanecen durante un tiempo definido.<\/p>\r\n<\/li>\r\n<\/ul>\r\n<h2 data-section-id=\"tdhebe\" data-start=\"1889\" data-end=\"1933\">\ud83d\udcc8 Cookies de an\u00e1lisis (Google Analytics)<\/h2>\r\n<p data-start=\"1935\" data-end=\"2021\">Utilizamos cookies de an\u00e1lisis para entender c\u00f3mo los usuarios interact\u00faan con la web.<\/p>\r\n<p data-start=\"2023\" data-end=\"2046\">Estas cookies permiten:<\/p>\r\n<ul data-start=\"2048\" data-end=\"2210\">\r\n<li data-section-id=\"11qlu9i\" data-start=\"2048\" data-end=\"2100\">\r\n<p data-start=\"2050\" data-end=\"2100\">Contabilizar visitas y usuarios de forma an\u00f3nima<\/p>\r\n<\/li>\r\n<li data-section-id=\"1pugsls\" data-start=\"2101\" data-end=\"2135\">\r\n<p data-start=\"2103\" data-end=\"2135\">Analizar p\u00e1ginas m\u00e1s visitadas<\/p>\r\n<\/li>\r\n<li data-section-id=\"adksx3\" data-start=\"2136\" data-end=\"2174\">\r\n<p data-start=\"2138\" data-end=\"2174\">Mejorar el contenido del sitio web<\/p>\r\n<\/li>\r\n<li data-section-id=\"p4jzg0\" data-start=\"2175\" data-end=\"2210\">\r\n<p data-start=\"2177\" data-end=\"2210\">Detectar patrones de navegaci\u00f3n<\/p>\r\n<\/li>\r\n<\/ul>\r\n<p data-start=\"2212\" data-end=\"2242\">Ejemplo de cookies utilizadas:<\/p>\r\n<div class=\"TyagGW_tableContainer\">\r\n<div class=\"group TyagGW_tableWrapper flex flex-col-reverse w-fit\" tabindex=\"-1\">\r\n<table class=\"w-fit min-w-(--thread-content-width)\" data-start=\"2244\" data-end=\"2514\">\r\n<thead data-start=\"2244\" data-end=\"2284\">\r\n<tr data-start=\"2244\" data-end=\"2284\">\r\n<th class=\"\" data-start=\"2244\" data-end=\"2253\" data-col-size=\"sm\">Nombre<\/th>\r\n<th class=\"\" data-start=\"2253\" data-end=\"2260\" data-col-size=\"sm\">Tipo<\/th>\r\n<th class=\"\" data-start=\"2260\" data-end=\"2271\" data-col-size=\"sm\">Duraci\u00f3n<\/th>\r\n<th class=\"\" data-start=\"2271\" data-end=\"2284\" data-col-size=\"sm\">Finalidad<\/th>\r\n<\/tr>\r\n<\/thead>\r\n<tbody data-start=\"2325\" data-end=\"2514\">\r\n<tr data-start=\"2325\" data-end=\"2389\">\r\n<td data-start=\"2325\" data-end=\"2331\" data-col-size=\"sm\">_ga<\/td>\r\n<td data-start=\"2331\" data-end=\"2350\" data-col-size=\"sm\">Google Analytics<\/td>\r\n<td data-start=\"2350\" data-end=\"2359\" data-col-size=\"sm\">2 a\u00f1os<\/td>\r\n<td data-start=\"2359\" data-end=\"2389\" data-col-size=\"sm\">Identificaci\u00f3n de usuarios<\/td>\r\n<\/tr>\r\n<tr data-start=\"2390\" data-end=\"2450\">\r\n<td data-start=\"2390\" data-end=\"2397\" data-col-size=\"sm\">_gid<\/td>\r\n<td data-start=\"2397\" data-end=\"2416\" data-col-size=\"sm\">Google Analytics<\/td>\r\n<td data-start=\"2416\" data-end=\"2427\" data-col-size=\"sm\">24 horas<\/td>\r\n<td data-start=\"2427\" data-end=\"2450\" data-col-size=\"sm\">Estad\u00edsticas de uso<\/td>\r\n<\/tr>\r\n<tr data-start=\"2451\" data-end=\"2514\">\r\n<td data-start=\"2451\" data-end=\"2458\" data-col-size=\"sm\">_gat<\/td>\r\n<td data-start=\"2458\" data-end=\"2477\" data-col-size=\"sm\">Google Analytics<\/td>\r\n<td data-start=\"2477\" data-end=\"2488\" data-col-size=\"sm\">1 minuto<\/td>\r\n<td data-start=\"2488\" data-end=\"2514\" data-col-size=\"sm\">Control de solicitudes<\/td>\r\n<\/tr>\r\n<\/tbody>\r\n<\/table>\r\n<\/div>\r\n<\/div>\r\n<h2 data-section-id=\"19cn4rr\" data-start=\"2521\" data-end=\"2546\">\ud83d\udce2 Cookies de terceros<\/h2>\r\n<p data-start=\"2548\" data-end=\"2650\">Este sitio puede utilizar servicios de terceros que instalan cookies desde sus propios dominios, como:<\/p>\r\n<ul data-start=\"2652\" data-end=\"2765\">\r\n<li data-section-id=\"1li1d1z\" data-start=\"2652\" data-end=\"2672\">\r\n<p data-start=\"2654\" data-end=\"2672\">Google Analytics<\/p>\r\n<\/li>\r\n<li data-section-id=\"143y50h\" data-start=\"2673\" data-end=\"2732\">\r\n<p data-start=\"2675\" data-end=\"2732\">Servicios de redes sociales (si se integran contenidos)<\/p>\r\n<\/li>\r\n<li data-section-id=\"156cse\" data-start=\"2733\" data-end=\"2765\">\r\n<p data-start=\"2735\" data-end=\"2765\">Herramientas de an\u00e1lisis web<\/p>\r\n<\/li>\r\n<\/ul>\r\n<p data-start=\"2767\" data-end=\"2838\">Estos terceros son responsables de sus propias pol\u00edticas de privacidad.<\/p>\r\n<h2 data-section-id=\"1u8j89s\" data-start=\"2845\" data-end=\"2878\">\u2699\ufe0f C\u00f3mo desactivar las cookies<\/h2>\r\n<p data-start=\"2880\" data-end=\"2963\">El usuario puede configurar su navegador para aceptar, bloquear o eliminar cookies.<\/p>\r\n<p data-start=\"2965\" data-end=\"3006\">A continuaci\u00f3n, algunos enlaces de ayuda:<\/p>\r\n<ul data-start=\"3008\" data-end=\"3263\">\r\n<li data-section-id=\"48bu3b\" data-start=\"3008\" data-end=\"3079\">\r\n<p data-start=\"3010\" data-end=\"3079\">Google Chrome: <a class=\"decorated-link\" href=\"https:\/\/support.google.com\/chrome\/answer\/95647?hl=es\" target=\"_new\" rel=\"noopener\" data-start=\"3025\" data-end=\"3077\">https:\/\/support.google.com\/chrome\/answer\/95647?hl=es<\/a><\/p>\r\n<\/li>\r\n<li data-section-id=\"1o4hg1q\" data-start=\"3080\" data-end=\"3167\">\r\n<p data-start=\"3082\" data-end=\"3167\">Mozilla Firefox: <a class=\"decorated-link\" href=\"https:\/\/support.mozilla.org\/es\/kb\/habilitar-y-deshabilitar-cookies\" target=\"_new\" rel=\"noopener\" data-start=\"3099\" data-end=\"3165\">https:\/\/support.mozilla.org\/es\/kb\/habilitar-y-deshabilitar-cookies<\/a><\/p>\r\n<\/li>\r\n<li data-section-id=\"1gl0mv2\" data-start=\"3168\" data-end=\"3228\">\r\n<p data-start=\"3170\" data-end=\"3228\">Safari: <a class=\"decorated-link\" href=\"https:\/\/www.apple.com\/es\/privacy\/use-of-cookies\/\" target=\"_new\" rel=\"noopener\" data-start=\"3178\" data-end=\"3226\">https:\/\/www.apple.com\/es\/privacy\/use-of-cookies\/<\/a><\/p>\r\n<\/li>\r\n<li data-section-id=\"1kneql8\" data-start=\"3229\" data-end=\"3263\">\r\n<p data-start=\"3231\" data-end=\"3263\">Opera: <a class=\"decorated-link\" href=\"https:\/\/help.opera.com\/\" target=\"_new\" rel=\"noopener\" data-start=\"3238\" data-end=\"3261\">https:\/\/help.opera.com\/<\/a><\/p>\r\n<\/li>\r\n<\/ul>\r\n<p data-start=\"3265\" data-end=\"3353\">Tambi\u00e9n puedes desactivar Google Analytics aqu\u00ed:<br \/><a class=\"decorated-link\" href=\"http:\/\/tools.google.com\/dlpage\/gaoptout\" target=\"_new\" rel=\"noopener\" data-start=\"3314\" data-end=\"3353\">http:\/\/tools.google.com\/dlpage\/gaoptout<\/a><\/p>\r\n<h2 data-section-id=\"1btp8dx\" data-start=\"3360\" data-end=\"3395\">\u2139\ufe0f M\u00e1s informaci\u00f3n sobre cookies<\/h2>\r\n<p data-start=\"3397\" data-end=\"3418\">Para m\u00e1s informaci\u00f3n:<\/p>\r\n<ul data-start=\"3420\" data-end=\"3509\">\r\n<li data-section-id=\"5r3yti\" data-start=\"3420\" data-end=\"3509\">\r\n<p data-start=\"3422\" data-end=\"3509\"><a class=\"decorated-link\" href=\"https:\/\/developers.google.com\/analytics\/devguides\/collection\/analyticsjs\/cookie-usage\" target=\"_new\" rel=\"noopener\" data-start=\"3422\" data-end=\"3507\">https:\/\/developers.google.com\/analytics\/devguides\/collection\/analyticsjs\/cookie-usage<\/a><\/p>\r\n<\/li>\r\n<\/ul>\r\n<h2 data-section-id=\"18rc91o\" data-start=\"3516\" data-end=\"3561\">\ud83d\udd04 Actualizaci\u00f3n de la pol\u00edtica de cookies<\/h2>\r\n<p data-start=\"3563\" data-end=\"3666\">Mazarr\u00f3n Online puede modificar esta Pol\u00edtica de Cookies en funci\u00f3n de cambios legislativos o t\u00e9cnicos.<\/p>\r\n<p data-start=\"3668\" data-end=\"3707\">Se recomienda revisarla peri\u00f3dicamente.<\/p>\r\n<p data-start=\"3714\" data-end=\"3755\">\ud83d\udcc5 <strong data-start=\"3717\" data-end=\"3742\">\u00daltima actualizaci\u00f3n:<\/strong> 20\/02\/2026<\/p>","protected":false},"excerpt":{"rendered":"<p>Cookies En esta web se utilizan cookies propias y de terceros para mejorar la experiencia de navegaci\u00f3n del usuario, permitir la correcta funcionalidad del sitio, ofrecer contenido personalizado y obtener estad\u00edsticas de uso. El usuario puede evitar la descarga de cookies configurando su navegador, impidiendo que estas se almacenen en su dispositivo. Es importante que [&hellip;]<\/p>\n","protected":false},"author":1,"featured_media":0,"parent":0,"menu_order":0,"comment_status":"closed","ping_status":"closed","template":"","meta":{"_crdt_document":"","footnotes":""},"class_list":["post-612","page","type-page","status-publish","hentry"],"blocksy_meta":{"styles_descriptor":{"styles":{"desktop":"","tablet":"","mobile":""},"google_fonts":[],"version":6}},"yoast_head":"<!-- This site is optimized with the Yoast SEO plugin v27.2 - https:\/\/yoast.com\/product\/yoast-seo-wordpress\/ -->\n<title>Cookies - Mazarron Online<\/title>\n<meta name=\"robots\" content=\"index, follow, max-snippet:-1, max-image-preview:large, max-video-preview:-1\" \/>\n<link rel=\"canonical\" href=\"https:\/\/mazarrononline.com\/en\/cookies\/\" \/>\n<meta property=\"og:locale\" content=\"en_GB\" \/>\n<meta property=\"og:type\" content=\"article\" \/>\n<meta property=\"og:title\" content=\"Cookies - Mazarron Online\" \/>\n<meta property=\"og:description\" content=\"Cookies En esta web se utilizan cookies propias y de terceros para mejorar la experiencia de navegaci\u00f3n del usuario, permitir la correcta funcionalidad del sitio, ofrecer contenido personalizado y obtener estad\u00edsticas de uso. El usuario puede evitar la descarga de cookies configurando su navegador, impidiendo que estas se almacenen en su dispositivo. Es importante que [&hellip;]\" \/>\n<meta property=\"og:url\" content=\"https:\/\/mazarrononline.com\/en\/cookies\/\" \/>\n<meta property=\"og:site_name\" content=\"Mazarron Online\" \/>\n<meta property=\"article:modified_time\" content=\"2026-03-20T20:59:29+00:00\" \/>\n<meta name=\"twitter:card\" content=\"summary_large_image\" \/>\n<meta name=\"twitter:label1\" content=\"Estimated reading time\" \/>\n\t<meta name=\"twitter:data1\" content=\"2 minutes\" \/>\n<script type=\"application\/ld+json\" class=\"yoast-schema-graph\">{\"@context\":\"https:\/\/schema.org\",\"@graph\":[{\"@type\":\"WebPage\",\"@id\":\"https:\/\/mazarrononline.com\/cookies\/\",\"url\":\"https:\/\/mazarrononline.com\/cookies\/\",\"name\":\"Cookies - Mazarron Online\",\"isPartOf\":{\"@id\":\"https:\/\/mazarrononline.com\/#website\"},\"datePublished\":\"2026-03-11T16:16:46+00:00\",\"dateModified\":\"2026-03-20T20:59:29+00:00\",\"breadcrumb\":{\"@id\":\"https:\/\/mazarrononline.com\/cookies\/#breadcrumb\"},\"inLanguage\":\"en-GB\",\"potentialAction\":[{\"@type\":\"ReadAction\",\"target\":[\"https:\/\/mazarrononline.com\/cookies\/\"]}]},{\"@type\":\"BreadcrumbList\",\"@id\":\"https:\/\/mazarrononline.com\/cookies\/#breadcrumb\",\"itemListElement\":[{\"@type\":\"ListItem\",\"position\":1,\"name\":\"Portada\",\"item\":\"https:\/\/mazarrononline.com\/\"},{\"@type\":\"ListItem\",\"position\":2,\"name\":\"Cookies\"}]},{\"@type\":\"WebSite\",\"@id\":\"https:\/\/mazarrononline.com\/#website\",\"url\":\"https:\/\/mazarrononline.com\/\",\"name\":\"Mazarron Online\",\"description\":\"\",\"publisher\":{\"@id\":\"https:\/\/mazarrononline.com\/#organization\"},\"potentialAction\":[{\"@type\":\"SearchAction\",\"target\":{\"@type\":\"EntryPoint\",\"urlTemplate\":\"https:\/\/mazarrononline.com\/?s={search_term_string}\"},\"query-input\":{\"@type\":\"PropertyValueSpecification\",\"valueRequired\":true,\"valueName\":\"search_term_string\"}}],\"inLanguage\":\"en-GB\"},{\"@type\":\"Organization\",\"@id\":\"https:\/\/mazarrononline.com\/#organization\",\"name\":\"Mazarron Online\",\"url\":\"https:\/\/mazarrononline.com\/\",\"logo\":{\"@type\":\"ImageObject\",\"inLanguage\":\"en-GB\",\"@id\":\"https:\/\/mazarrononline.com\/#\/schema\/logo\/image\/\",\"url\":\"https:\/\/mazarrononline.com\/wp-content\/uploads\/2026\/03\/mazarrononline.com_.png\",\"contentUrl\":\"https:\/\/mazarrononline.com\/wp-content\/uploads\/2026\/03\/mazarrononline.com_.png\",\"width\":891,\"height\":340,\"caption\":\"Mazarron Online\"},\"image\":{\"@id\":\"https:\/\/mazarrononline.com\/#\/schema\/logo\/image\/\"}}]}<\/script>\n<!-- \/ Yoast SEO plugin. -->","yoast_head_json":{"title":"Cookies - Mazarron Online","robots":{"index":"index","follow":"follow","max-snippet":"max-snippet:-1","max-image-preview":"max-image-preview:large","max-video-preview":"max-video-preview:-1"},"canonical":"https:\/\/mazarrononline.com\/en\/cookies\/","og_locale":"en_GB","og_type":"article","og_title":"Cookies - Mazarron Online","og_description":"Cookies En esta web se utilizan cookies propias y de terceros para mejorar la experiencia de navegaci\u00f3n del usuario, permitir la correcta funcionalidad del sitio, ofrecer contenido personalizado y obtener estad\u00edsticas de uso. El usuario puede evitar la descarga de cookies configurando su navegador, impidiendo que estas se almacenen en su dispositivo. Es importante que [&hellip;]","og_url":"https:\/\/mazarrononline.com\/en\/cookies\/","og_site_name":"Mazarron Online","article_modified_time":"2026-03-20T20:59:29+00:00","twitter_card":"summary_large_image","twitter_misc":{"Estimated reading time":"2 minutes"},"schema":{"@context":"https:\/\/schema.org","@graph":[{"@type":"WebPage","@id":"https:\/\/mazarrononline.com\/cookies\/","url":"https:\/\/mazarrononline.com\/cookies\/","name":"Cookies - Mazarron Online","isPartOf":{"@id":"https:\/\/mazarrononline.com\/#website"},"datePublished":"2026-03-11T16:16:46+00:00","dateModified":"2026-03-20T20:59:29+00:00","breadcrumb":{"@id":"https:\/\/mazarrononline.com\/cookies\/#breadcrumb"},"inLanguage":"en-GB","potentialAction":[{"@type":"ReadAction","target":["https:\/\/mazarrononline.com\/cookies\/"]}]},{"@type":"BreadcrumbList","@id":"https:\/\/mazarrononline.com\/cookies\/#breadcrumb","itemListElement":[{"@type":"ListItem","position":1,"name":"Portada","item":"https:\/\/mazarrononline.com\/"},{"@type":"ListItem","position":2,"name":"Cookies"}]},{"@type":"WebSite","@id":"https:\/\/mazarrononline.com\/#website","url":"https:\/\/mazarrononline.com\/","name":"Mazarron Online","description":"","publisher":{"@id":"https:\/\/mazarrononline.com\/#organization"},"potentialAction":[{"@type":"SearchAction","target":{"@type":"EntryPoint","urlTemplate":"https:\/\/mazarrononline.com\/?s={search_term_string}"},"query-input":{"@type":"PropertyValueSpecification","valueRequired":true,"valueName":"search_term_string"}}],"inLanguage":"en-GB"},{"@type":"Organization","@id":"https:\/\/mazarrononline.com\/#organization","name":"Mazarron Online","url":"https:\/\/mazarrononline.com\/","logo":{"@type":"ImageObject","inLanguage":"en-GB","@id":"https:\/\/mazarrononline.com\/#\/schema\/logo\/image\/","url":"https:\/\/mazarrononline.com\/wp-content\/uploads\/2026\/03\/mazarrononline.com_.png","contentUrl":"https:\/\/mazarrononline.com\/wp-content\/uploads\/2026\/03\/mazarrononline.com_.png","width":891,"height":340,"caption":"Mazarron Online"},"image":{"@id":"https:\/\/mazarrononline.com\/#\/schema\/logo\/image\/"}}]}},"_hostinger_reach_plugin_has_subscription_block":false,"_hostinger_reach_plugin_is_elementor":false,"_links":{"self":[{"href":"https:\/\/mazarrononline.com\/en\/wp-json\/wp\/v2\/pages\/612","targetHints":{"allow":["GET"]}}],"collection":[{"href":"https:\/\/mazarrononline.com\/en\/wp-json\/wp\/v2\/pages"}],"about":[{"href":"https:\/\/mazarrononline.com\/en\/wp-json\/wp\/v2\/types\/page"}],"author":[{"embeddable":true,"href":"https:\/\/mazarrononline.com\/en\/wp-json\/wp\/v2\/users\/1"}],"replies":[{"embeddable":true,"href":"https:\/\/mazarrononline.com\/en\/wp-json\/wp\/v2\/comments?post=612"}],"version-history":[{"count":2,"href":"https:\/\/mazarrononline.com\/en\/wp-json\/wp\/v2\/pages\/612\/revisions"}],"predecessor-version":[{"id":2133,"href":"https:\/\/mazarrononline.com\/en\/wp-json\/wp\/v2\/pages\/612\/revisions\/2133"}],"wp:attachment":[{"href":"https:\/\/mazarrononline.com\/en\/wp-json\/wp\/v2\/media?parent=612"}],"curies":[{"name":"wp","href":"https:\/\/api.w.org\/{rel}","templated":true}]}}