{"id":400,"date":"2020-04-16T13:50:13","date_gmt":"2020-04-16T13:50:13","guid":{"rendered":"https:\/\/startersites.io\/blocksy\/travel\/?page_id=3"},"modified":"2026-03-20T20:59:45","modified_gmt":"2026-03-20T20:59:45","slug":"politica-de-privacidad","status":"publish","type":"page","link":"https:\/\/mazarrononline.com\/en\/politica-de-privacidad\/","title":{"rendered":"Privacy policy"},"content":{"rendered":"<h2 data-section-id=\"1065kvy\" data-start=\"170\" data-end=\"213\">Responsable del tratamiento de los datos<\/h2>\r\n<ul data-start=\"215\" data-end=\"408\">\r\n<li data-section-id=\"1vbd7sd\" data-start=\"215\" data-end=\"249\">\r\n<p class=\"wp-block-paragraph\" data-start=\"217\" data-end=\"249\"><strong data-start=\"217\" data-end=\"231\">Identidad:<\/strong> Mazarr\u00f3n Online<\/p>\r\n<\/li>\r\n<li data-section-id=\"1yuvjiv\" data-start=\"250\" data-end=\"301\">\r\n<p data-start=\"252\" data-end=\"301\"><strong data-start=\"252\" data-end=\"273\">Domicilio social:<\/strong> Mazarr\u00f3n (Murcia, Espa\u00f1a)<\/p>\r\n<\/li>\r\n<li data-section-id=\"h4pavw\" data-start=\"302\" data-end=\"357\">\r\n<p data-start=\"304\" data-end=\"357\"><strong data-start=\"304\" data-end=\"327\">Correo electr\u00f3nico:<\/strong> <a class=\"decorated-link cursor-pointer\" rel=\"noopener\" data-start=\"328\" data-end=\"355\">contacto@mazarrononline.com<\/a><\/p>\r\n<\/li>\r\n<li data-section-id=\"1le7n8u\" data-start=\"358\" data-end=\"408\">\r\n<p data-start=\"360\" data-end=\"408\"><strong data-start=\"360\" data-end=\"383\">Nombre del dominio:<\/strong> <a class=\"decorated-link\" href=\"https:\/\/mazarrononline.com\/en\/\" target=\"_new\" rel=\"noopener\" data-start=\"384\" data-end=\"406\">www.mazarrononline.com<\/a><\/p>\r\n<\/li>\r\n<\/ul>\r\n<h2 data-section-id=\"vp4w01\" data-start=\"415\" data-end=\"457\">\ud83e\udded Con qu\u00e9 finalidad tratamos tus datos<\/h2>\r\n<p data-start=\"459\" data-end=\"580\">En cumplimiento del Reglamento Europeo 2016\/679 (RGPD), te informamos de que trataremos los datos que nos facilitas para:<\/p>\r\n<ul data-start=\"582\" data-end=\"1210\">\r\n<li data-section-id=\"1fnp178\" data-start=\"582\" data-end=\"672\">\r\n<p data-start=\"584\" data-end=\"672\">Gestionar las consultas realizadas a trav\u00e9s de la Plataforma o formulario de contacto.<\/p>\r\n<\/li>\r\n<li data-section-id=\"55yp5l\" data-start=\"673\" data-end=\"805\">\r\n<p data-start=\"675\" data-end=\"805\">Enviar informaci\u00f3n relacionada con noticias, eventos y contenidos de Mazarr\u00f3n Online, siempre que el usuario lo haya autorizado.<\/p>\r\n<\/li>\r\n<li data-section-id=\"7yus74\" data-start=\"806\" data-end=\"976\">\r\n<p data-start=\"808\" data-end=\"976\">Enviar comunicaciones informativas o promocionales relacionadas con la actividad del sitio web, salvo que el usuario indique lo contrario o revoque su consentimiento.<\/p>\r\n<\/li>\r\n<li data-section-id=\"1ifa0dq\" data-start=\"977\" data-end=\"1029\">\r\n<p data-start=\"979\" data-end=\"1029\">Cumplir con las obligaciones legales aplicables.<\/p>\r\n<\/li>\r\n<li data-section-id=\"1449c8i\" data-start=\"1030\" data-end=\"1109\">\r\n<p data-start=\"1032\" data-end=\"1109\">Gestionar posibles incidencias, reclamaciones o solicitudes de informaci\u00f3n.<\/p>\r\n<\/li>\r\n<li data-section-id=\"1s7uvy3\" data-start=\"1110\" data-end=\"1210\">\r\n<p data-start=\"1112\" data-end=\"1210\">En su caso, comunicar datos a autoridades u organismos p\u00fablicos cuando sea legalmente requerido.<\/p>\r\n<\/li>\r\n<\/ul>\r\n<h2 data-section-id=\"x0kkly\" data-start=\"1217\" data-end=\"1242\">\ud83d\uddc2\ufe0f Qu\u00e9 datos tratamos<\/h2>\r\n<p data-start=\"1244\" data-end=\"1307\">En Mazarr\u00f3n Online tratamos las siguientes categor\u00edas de datos:<\/p>\r\n<ul data-start=\"1309\" data-end=\"1501\">\r\n<li data-section-id=\"1i2qjhr\" data-start=\"1309\" data-end=\"1388\">\r\n<p data-start=\"1311\" data-end=\"1388\">Datos identificativos (nombre, email u otros facilitados en el formulario).<\/p>\r\n<\/li>\r\n<li data-section-id=\"hnir93\" data-start=\"1389\" data-end=\"1434\">\r\n<p data-start=\"1391\" data-end=\"1434\">Metadatos de comunicaciones electr\u00f3nicas.<\/p>\r\n<\/li>\r\n<li data-section-id=\"15f08cm\" data-start=\"1435\" data-end=\"1501\">\r\n<p data-start=\"1437\" data-end=\"1501\">Datos relacionados con consultas o solicitudes de informaci\u00f3n.<\/p>\r\n<\/li>\r\n<\/ul>\r\n<p data-start=\"1503\" data-end=\"1715\">En caso de que el usuario facilite datos de terceros, declara contar con su consentimiento y se compromete a informarles de esta pol\u00edtica, eximiendo a Mazarr\u00f3n Online de cualquier responsabilidad en este sentido.<\/p>\r\n<p data-start=\"1717\" data-end=\"1846\">Mazarr\u00f3n Online podr\u00e1 realizar verificaciones para garantizar el cumplimiento de esta obligaci\u00f3n conforme a la normativa vigente.<\/p>\r\n<h2 data-section-id=\"kcs83y\" data-start=\"1853\" data-end=\"1904\">\u2696\ufe0f Legitimaci\u00f3n para el tratamiento de tus datos<\/h2>\r\n<p data-start=\"1906\" data-end=\"1956\">La base legal para el tratamiento de los datos es:<\/p>\r\n<ul data-start=\"1958\" data-end=\"2212\">\r\n<li data-section-id=\"1pl2c9b\" data-start=\"1958\" data-end=\"2040\">\r\n<p data-start=\"1960\" data-end=\"2040\">El <strong data-start=\"1963\" data-end=\"1993\">consentimiento del usuario<\/strong>, otorgado al contactar o enviar formularios.<\/p>\r\n<\/li>\r\n<li data-section-id=\"13jal6k\" data-start=\"2041\" data-end=\"2100\">\r\n<p data-start=\"2043\" data-end=\"2100\">El <strong data-start=\"2046\" data-end=\"2086\">cumplimiento de obligaciones legales<\/strong> aplicables.<\/p>\r\n<\/li>\r\n<li data-section-id=\"1vl3z6e\" data-start=\"2101\" data-end=\"2212\">\r\n<p data-start=\"2103\" data-end=\"2212\">El <strong data-start=\"2106\" data-end=\"2126\">inter\u00e9s leg\u00edtimo<\/strong> para la gesti\u00f3n de comunicaciones derivadas de consultas realizadas por el usuario.<\/p>\r\n<\/li>\r\n<\/ul>\r\n<p data-start=\"2214\" data-end=\"2335\">El usuario podr\u00e1 retirar su consentimiento en cualquier momento, sin que ello afecte a la licitud del tratamiento previo.<\/p>\r\n<h2 data-section-id=\"11q8mth\" data-start=\"2342\" data-end=\"2381\">\u23f3 Plazo de conservaci\u00f3n de los datos<\/h2>\r\n<p data-start=\"2383\" data-end=\"2513\">Los datos personales se conservar\u00e1n \u00fanicamente durante el tiempo necesario para cumplir la finalidad para la que fueron recogidos.<\/p>\r\n<p data-start=\"2515\" data-end=\"2651\">Posteriormente, podr\u00e1n mantenerse bloqueados durante los plazos legalmente establecidos para atender posibles responsabilidades legales.<\/p>\r\n<h2 data-section-id=\"2fr6jq\" data-start=\"2658\" data-end=\"2708\">\ud83d\udc65 A qu\u00e9 destinatarios se comunicar\u00e1n tus datos<\/h2>\r\n<p data-start=\"2710\" data-end=\"2823\">Los datos no se ceder\u00e1n a terceros salvo obligaci\u00f3n legal o cuando sea necesario para la prestaci\u00f3n del servicio.<\/p>\r\n<p data-start=\"2825\" data-end=\"2857\">Podr\u00e1n tener acceso a los datos:<\/p>\r\n<ul data-start=\"2859\" data-end=\"3138\">\r\n<li data-section-id=\"1q6g400\" data-start=\"2859\" data-end=\"2949\">\r\n<p data-start=\"2861\" data-end=\"2949\">Proveedores de servicios tecnol\u00f3gicos (hosting, correo electr\u00f3nico, herramientas web).<\/p>\r\n<\/li>\r\n<li data-section-id=\"63v7jl\" data-start=\"2950\" data-end=\"3001\">\r\n<p data-start=\"2952\" data-end=\"3001\">Servicios de anal\u00edtica o gesti\u00f3n del sitio web.<\/p>\r\n<\/li>\r\n<li data-section-id=\"xjgemb\" data-start=\"3002\" data-end=\"3058\">\r\n<p data-start=\"3004\" data-end=\"3058\">Autoridades p\u00fablicas cuando exista obligaci\u00f3n legal.<\/p>\r\n<\/li>\r\n<li data-section-id=\"8e016w\" data-start=\"3059\" data-end=\"3138\">\r\n<p data-start=\"3061\" data-end=\"3138\">Entidades financieras en caso de gesti\u00f3n de pagos (si aplica en el futuro).<\/p>\r\n<\/li>\r\n<\/ul>\r\n<p data-start=\"3140\" data-end=\"3229\">Todos los proveedores trabajan bajo contratos de encargo de tratamiento conforme al RGPD.<\/p>\r\n<h2 data-section-id=\"1xvy8um\" data-start=\"3236\" data-end=\"3276\">\ud83d\udd10 Qu\u00e9 medidas de seguridad aplicamos<\/h2>\r\n<p data-start=\"3278\" data-end=\"3376\">Mazarr\u00f3n Online aplica medidas t\u00e9cnicas y organizativas para garantizar la seguridad de los datos:<\/p>\r\n<ul data-start=\"3378\" data-end=\"3605\">\r\n<li data-section-id=\"5lzd30\" data-start=\"3378\" data-end=\"3447\">\r\n<p data-start=\"3380\" data-end=\"3447\">Encriptaci\u00f3n de comunicaciones mediante protocolos seguros (SSL).<\/p>\r\n<\/li>\r\n<li data-section-id=\"1gi4i7c\" data-start=\"3448\" data-end=\"3494\">\r\n<p data-start=\"3450\" data-end=\"3494\">Protecci\u00f3n de servidores y bases de datos.<\/p>\r\n<\/li>\r\n<li data-section-id=\"cw7umw\" data-start=\"3495\" data-end=\"3531\">\r\n<p data-start=\"3497\" data-end=\"3531\">Control de accesos restringidos.<\/p>\r\n<\/li>\r\n<li data-section-id=\"163q9kp\" data-start=\"3532\" data-end=\"3605\">\r\n<p data-start=\"3534\" data-end=\"3605\">Medidas contra accesos no autorizados, p\u00e9rdida o alteraci\u00f3n de datos.<\/p>\r\n<\/li>\r\n<\/ul>\r\n<p data-start=\"3607\" data-end=\"3749\">En caso de utilizar proveedores externos fuera de la UE, se garantizar\u00e1 el cumplimiento de las garant\u00edas adecuadas seg\u00fan la normativa europea.<\/p>\r\n<h2 data-section-id=\"1hgdeeq\" data-start=\"3756\" data-end=\"3788\">\ud83e\uddd1\u200d\u2696\ufe0f Cu\u00e1les son tus derechos<\/h2>\r\n<p data-start=\"3790\" data-end=\"3839\">El usuario puede ejercer los siguientes derechos:<\/p>\r\n<ul data-start=\"3841\" data-end=\"4160\">\r\n<li data-section-id=\"1lp0z54\" data-start=\"3841\" data-end=\"3875\">\r\n<p data-start=\"3843\" data-end=\"3875\">Acceder a sus datos personales<\/p>\r\n<\/li>\r\n<li data-section-id=\"19ybpoe\" data-start=\"3876\" data-end=\"3925\">\r\n<p data-start=\"3878\" data-end=\"3925\">Solicitar la rectificaci\u00f3n de datos inexactos<\/p>\r\n<\/li>\r\n<li data-section-id=\"17b9udy\" data-start=\"3926\" data-end=\"3981\">\r\n<p data-start=\"3928\" data-end=\"3981\">Solicitar su supresi\u00f3n cuando ya no sean necesarios<\/p>\r\n<\/li>\r\n<li data-section-id=\"1nkkhi1\" data-start=\"3982\" data-end=\"4025\">\r\n<p data-start=\"3984\" data-end=\"4025\">Solicitar la limitaci\u00f3n del tratamiento<\/p>\r\n<\/li>\r\n<li data-section-id=\"1eeeat\" data-start=\"4026\" data-end=\"4066\">\r\n<p data-start=\"4028\" data-end=\"4066\">Oponerse al tratamiento de sus datos<\/p>\r\n<\/li>\r\n<li data-section-id=\"1hi8m3e\" data-start=\"4067\" data-end=\"4109\">\r\n<p data-start=\"4069\" data-end=\"4109\">Solicitar la portabilidad de los datos<\/p>\r\n<\/li>\r\n<li data-section-id=\"7pin7w\" data-start=\"4110\" data-end=\"4160\">\r\n<p data-start=\"4112\" data-end=\"4160\">Retirar el consentimiento en cualquier momento<\/p>\r\n<\/li>\r\n<\/ul>\r\n<p data-start=\"4162\" data-end=\"4208\">Para ejercer estos derechos puedes escribir a:<\/p>\r\n<p data-start=\"4210\" data-end=\"4244\">\ud83d\udce9 <strong data-start=\"4213\" data-end=\"4244\"><a class=\"decorated-link cursor-pointer\" rel=\"noopener\" data-start=\"4215\" data-end=\"4242\">contacto@mazarrononline.com<\/a><\/strong><\/p>\r\n<h2 data-section-id=\"chwlg2\" data-start=\"4251\" data-end=\"4270\">\ud83d\udce2 Reclamaciones<\/h2>\r\n<p data-start=\"4272\" data-end=\"4388\">Si consideras que el tratamiento de tus datos no se ajusta a la normativa, puedes presentar una reclamaci\u00f3n ante la:<\/p>\r\n<p data-start=\"4390\" data-end=\"4440\"><strong data-start=\"4390\" data-end=\"4440\">Agencia Espa\u00f1ola de Protecci\u00f3n de Datos (AEPD)<\/strong><\/p>\r\n<h2 data-section-id=\"nitthu\" data-start=\"4447\" data-end=\"4494\">\ud83d\udd04 Modificaci\u00f3n de la pol\u00edtica de privacidad<\/h2>\r\n<p data-start=\"4496\" data-end=\"4654\">Mazarr\u00f3n Online se reserva el derecho a modificar esta Pol\u00edtica de Privacidad para adaptarla a novedades legislativas o cambios en la actividad del sitio web.<\/p>\r\n<p data-start=\"4656\" data-end=\"4710\">Las modificaciones se publicar\u00e1n en esta misma p\u00e1gina.<\/p>\r\n<p data-start=\"4717\" data-end=\"4758\">\ud83d\udcc5 <strong data-start=\"4720\" data-end=\"4745\">\u00daltima actualizaci\u00f3n:<\/strong> 20\/02\/2026<\/p>\r\n<h2 data-section-id=\"3c7rqc\" data-start=\"4765\" data-end=\"4790\">\ud83c\udf6a Pol\u00edtica de cookies<\/h2>\r\n<p data-start=\"4792\" data-end=\"4859\">Si lo deseas, puedes consultar tambi\u00e9n nuestra <a href=\"https:\/\/mazarrononline.com\/en\/cookies\/\">Pol\u00edtica de Cookies<\/a>.<\/p>","protected":false},"excerpt":{"rendered":"<p>Responsable del tratamiento de los datos Identidad: Mazarr\u00f3n Online Domicilio social: Mazarr\u00f3n (Murcia, Espa\u00f1a) Correo electr\u00f3nico: contacto@mazarrononline.com Nombre del dominio: www.mazarrononline.com \ud83e\udded Con qu\u00e9 finalidad tratamos tus datos En cumplimiento del Reglamento Europeo 2016\/679 (RGPD), te informamos de que trataremos los datos que nos facilitas para: Gestionar las consultas realizadas a trav\u00e9s de la Plataforma [&hellip;]<\/p>\n","protected":false},"author":1,"featured_media":0,"parent":0,"menu_order":0,"comment_status":"closed","ping_status":"closed","template":"","meta":{"_crdt_document":"","footnotes":""},"class_list":["post-400","page","type-page","status-publish","hentry"],"blocksy_meta":{"styles_descriptor":{"styles":{"desktop":"","tablet":"","mobile":""},"google_fonts":[],"version":6}},"yoast_head":"<!-- This site is optimized with the Yoast SEO plugin v27.2 - https:\/\/yoast.com\/product\/yoast-seo-wordpress\/ -->\n<title>Pol\u00edtica de privacidad - Mazarron Online<\/title>\n<meta name=\"robots\" content=\"index, follow, max-snippet:-1, max-image-preview:large, max-video-preview:-1\" \/>\n<link rel=\"canonical\" href=\"https:\/\/mazarrononline.com\/en\/politica-de-privacidad\/\" \/>\n<meta property=\"og:locale\" content=\"en_GB\" \/>\n<meta property=\"og:type\" content=\"article\" \/>\n<meta property=\"og:title\" content=\"Pol\u00edtica de privacidad - Mazarron Online\" \/>\n<meta property=\"og:description\" content=\"Responsable del tratamiento de los datos Identidad: Mazarr\u00f3n Online Domicilio social: Mazarr\u00f3n (Murcia, Espa\u00f1a) Correo electr\u00f3nico: contacto@mazarrononline.com Nombre del dominio: www.mazarrononline.com \ud83e\udded Con qu\u00e9 finalidad tratamos tus datos En cumplimiento del Reglamento Europeo 2016\/679 (RGPD), te informamos de que trataremos los datos que nos facilitas para: Gestionar las consultas realizadas a trav\u00e9s de la Plataforma [&hellip;]\" \/>\n<meta property=\"og:url\" content=\"https:\/\/mazarrononline.com\/en\/politica-de-privacidad\/\" \/>\n<meta property=\"og:site_name\" content=\"Mazarron Online\" \/>\n<meta property=\"article:modified_time\" content=\"2026-03-20T20:59:45+00:00\" \/>\n<meta name=\"twitter:card\" content=\"summary_large_image\" \/>\n<meta name=\"twitter:label1\" content=\"Estimated reading time\" \/>\n\t<meta name=\"twitter:data1\" content=\"3 minutes\" \/>\n<script type=\"application\/ld+json\" class=\"yoast-schema-graph\">{\"@context\":\"https:\/\/schema.org\",\"@graph\":[{\"@type\":\"WebPage\",\"@id\":\"https:\/\/mazarrononline.com\/politica-de-privacidad\/\",\"url\":\"https:\/\/mazarrononline.com\/politica-de-privacidad\/\",\"name\":\"Pol\u00edtica de privacidad - Mazarron Online\",\"isPartOf\":{\"@id\":\"https:\/\/mazarrononline.com\/#website\"},\"datePublished\":\"2020-04-16T13:50:13+00:00\",\"dateModified\":\"2026-03-20T20:59:45+00:00\",\"breadcrumb\":{\"@id\":\"https:\/\/mazarrononline.com\/politica-de-privacidad\/#breadcrumb\"},\"inLanguage\":\"en-GB\",\"potentialAction\":[{\"@type\":\"ReadAction\",\"target\":[\"https:\/\/mazarrononline.com\/politica-de-privacidad\/\"]}]},{\"@type\":\"BreadcrumbList\",\"@id\":\"https:\/\/mazarrononline.com\/politica-de-privacidad\/#breadcrumb\",\"itemListElement\":[{\"@type\":\"ListItem\",\"position\":1,\"name\":\"Portada\",\"item\":\"https:\/\/mazarrononline.com\/\"},{\"@type\":\"ListItem\",\"position\":2,\"name\":\"Pol\u00edtica de privacidad\"}]},{\"@type\":\"WebSite\",\"@id\":\"https:\/\/mazarrononline.com\/#website\",\"url\":\"https:\/\/mazarrononline.com\/\",\"name\":\"Mazarron Online\",\"description\":\"\",\"publisher\":{\"@id\":\"https:\/\/mazarrononline.com\/#organization\"},\"potentialAction\":[{\"@type\":\"SearchAction\",\"target\":{\"@type\":\"EntryPoint\",\"urlTemplate\":\"https:\/\/mazarrononline.com\/?s={search_term_string}\"},\"query-input\":{\"@type\":\"PropertyValueSpecification\",\"valueRequired\":true,\"valueName\":\"search_term_string\"}}],\"inLanguage\":\"en-GB\"},{\"@type\":\"Organization\",\"@id\":\"https:\/\/mazarrononline.com\/#organization\",\"name\":\"Mazarron Online\",\"url\":\"https:\/\/mazarrononline.com\/\",\"logo\":{\"@type\":\"ImageObject\",\"inLanguage\":\"en-GB\",\"@id\":\"https:\/\/mazarrononline.com\/#\/schema\/logo\/image\/\",\"url\":\"https:\/\/mazarrononline.com\/wp-content\/uploads\/2026\/03\/mazarrononline.com_.png\",\"contentUrl\":\"https:\/\/mazarrononline.com\/wp-content\/uploads\/2026\/03\/mazarrononline.com_.png\",\"width\":891,\"height\":340,\"caption\":\"Mazarron Online\"},\"image\":{\"@id\":\"https:\/\/mazarrononline.com\/#\/schema\/logo\/image\/\"}}]}<\/script>\n<!-- \/ Yoast SEO plugin. -->","yoast_head_json":{"title":"Pol\u00edtica de privacidad - Mazarron Online","robots":{"index":"index","follow":"follow","max-snippet":"max-snippet:-1","max-image-preview":"max-image-preview:large","max-video-preview":"max-video-preview:-1"},"canonical":"https:\/\/mazarrononline.com\/en\/politica-de-privacidad\/","og_locale":"en_GB","og_type":"article","og_title":"Pol\u00edtica de privacidad - Mazarron Online","og_description":"Responsable del tratamiento de los datos Identidad: Mazarr\u00f3n Online Domicilio social: Mazarr\u00f3n (Murcia, Espa\u00f1a) Correo electr\u00f3nico: contacto@mazarrononline.com Nombre del dominio: www.mazarrononline.com \ud83e\udded Con qu\u00e9 finalidad tratamos tus datos En cumplimiento del Reglamento Europeo 2016\/679 (RGPD), te informamos de que trataremos los datos que nos facilitas para: Gestionar las consultas realizadas a trav\u00e9s de la Plataforma [&hellip;]","og_url":"https:\/\/mazarrononline.com\/en\/politica-de-privacidad\/","og_site_name":"Mazarron Online","article_modified_time":"2026-03-20T20:59:45+00:00","twitter_card":"summary_large_image","twitter_misc":{"Estimated reading time":"3 minutes"},"schema":{"@context":"https:\/\/schema.org","@graph":[{"@type":"WebPage","@id":"https:\/\/mazarrononline.com\/politica-de-privacidad\/","url":"https:\/\/mazarrononline.com\/politica-de-privacidad\/","name":"Pol\u00edtica de privacidad - Mazarron Online","isPartOf":{"@id":"https:\/\/mazarrononline.com\/#website"},"datePublished":"2020-04-16T13:50:13+00:00","dateModified":"2026-03-20T20:59:45+00:00","breadcrumb":{"@id":"https:\/\/mazarrononline.com\/politica-de-privacidad\/#breadcrumb"},"inLanguage":"en-GB","potentialAction":[{"@type":"ReadAction","target":["https:\/\/mazarrononline.com\/politica-de-privacidad\/"]}]},{"@type":"BreadcrumbList","@id":"https:\/\/mazarrononline.com\/politica-de-privacidad\/#breadcrumb","itemListElement":[{"@type":"ListItem","position":1,"name":"Portada","item":"https:\/\/mazarrononline.com\/"},{"@type":"ListItem","position":2,"name":"Pol\u00edtica de privacidad"}]},{"@type":"WebSite","@id":"https:\/\/mazarrononline.com\/#website","url":"https:\/\/mazarrononline.com\/","name":"Mazarron Online","description":"","publisher":{"@id":"https:\/\/mazarrononline.com\/#organization"},"potentialAction":[{"@type":"SearchAction","target":{"@type":"EntryPoint","urlTemplate":"https:\/\/mazarrononline.com\/?s={search_term_string}"},"query-input":{"@type":"PropertyValueSpecification","valueRequired":true,"valueName":"search_term_string"}}],"inLanguage":"en-GB"},{"@type":"Organization","@id":"https:\/\/mazarrononline.com\/#organization","name":"Mazarron Online","url":"https:\/\/mazarrononline.com\/","logo":{"@type":"ImageObject","inLanguage":"en-GB","@id":"https:\/\/mazarrononline.com\/#\/schema\/logo\/image\/","url":"https:\/\/mazarrononline.com\/wp-content\/uploads\/2026\/03\/mazarrononline.com_.png","contentUrl":"https:\/\/mazarrononline.com\/wp-content\/uploads\/2026\/03\/mazarrononline.com_.png","width":891,"height":340,"caption":"Mazarron Online"},"image":{"@id":"https:\/\/mazarrononline.com\/#\/schema\/logo\/image\/"}}]}},"_hostinger_reach_plugin_has_subscription_block":false,"_hostinger_reach_plugin_is_elementor":false,"_links":{"self":[{"href":"https:\/\/mazarrononline.com\/en\/wp-json\/wp\/v2\/pages\/400","targetHints":{"allow":["GET"]}}],"collection":[{"href":"https:\/\/mazarrononline.com\/en\/wp-json\/wp\/v2\/pages"}],"about":[{"href":"https:\/\/mazarrononline.com\/en\/wp-json\/wp\/v2\/types\/page"}],"author":[{"embeddable":true,"href":"https:\/\/mazarrononline.com\/en\/wp-json\/wp\/v2\/users\/1"}],"replies":[{"embeddable":true,"href":"https:\/\/mazarrononline.com\/en\/wp-json\/wp\/v2\/comments?post=400"}],"version-history":[{"count":5,"href":"https:\/\/mazarrononline.com\/en\/wp-json\/wp\/v2\/pages\/400\/revisions"}],"predecessor-version":[{"id":2134,"href":"https:\/\/mazarrononline.com\/en\/wp-json\/wp\/v2\/pages\/400\/revisions\/2134"}],"wp:attachment":[{"href":"https:\/\/mazarrononline.com\/en\/wp-json\/wp\/v2\/media?parent=400"}],"curies":[{"name":"wp","href":"https:\/\/api.w.org\/{rel}","templated":true}]}}